{"id":1424,"date":"2024-04-09T19:41:00","date_gmt":"2024-04-09T17:41:00","guid":{"rendered":"https:\/\/fondazioneangeloaffinita.org\/?page_id=1424"},"modified":"2024-04-16T16:42:43","modified_gmt":"2024-04-16T14:42:43","slug":"grazie-5x1000","status":"publish","type":"page","link":"https:\/\/fondazioneangeloaffinita.org\/en\/grazie-5x1000\/","title":{"rendered":"Grazie"},"content":{"rendered":"<div data-elementor-type=\"wp-page\" data-elementor-id=\"1424\" class=\"elementor elementor-1424\">\n\t\t\t\t\t\t\t<div data-particle_enable=\"false\" data-particle-mobile-disabled=\"false\" class=\"elementor-element elementor-element-16a7aeb e-con-full e-flex e-con e-parent\" data-id=\"16a7aeb\" data-element_type=\"container\" data-settings=\"{&quot;content_width&quot;:&quot;full&quot;,&quot;background_background&quot;:&quot;video&quot;,&quot;background_video_link&quot;:&quot;https:\\\/\\\/fondazioneangeloaffinita.org\\\/wp-content\\\/uploads\\\/2023\\\/10\\\/in-manutenzione.mp4&quot;,&quot;background_play_on_mobile&quot;:&quot;yes&quot;}\" data-core-v316-plus=\"true\">\n\t\t<div class=\"elementor-background-video-container\">\n\t\t\t\t\t\t\t<video class=\"elementor-background-video-hosted elementor-html5-video\" autoplay muted playsinline loop><\/video>\n\t\t\t\t\t<\/div>\t\t<div class=\"elementor-element elementor-element-08f4f81 elementor-widget elementor-widget-heading\" data-id=\"08f4f81\" data-element_type=\"widget\" data-widget_type=\"heading.default\">\n\t\t\t\t<div class=\"elementor-widget-container\">\n\t\t\t<style>\/*! elementor - v3.16.0 - 09-10-2023 *\/\n.elementor-heading-title{padding:0;margin:0;line-height:1}.elementor-widget-heading .elementor-heading-title[class*=elementor-size-]>a{color:inherit;font-size:inherit;line-height:inherit}.elementor-widget-heading .elementor-heading-title.elementor-size-small{font-size:15px}.elementor-widget-heading .elementor-heading-title.elementor-size-medium{font-size:19px}.elementor-widget-heading .elementor-heading-title.elementor-size-large{font-size:29px}.elementor-widget-heading .elementor-heading-title.elementor-size-xl{font-size:39px}.elementor-widget-heading .elementor-heading-title.elementor-size-xxl{font-size:59px}<\/style><h2 class=\"elementor-heading-title elementor-size-default\">THANK YOU<\/h2>\t\t<\/div>\n\t\t\t\t<\/div>\n\t\t\t\t<div class=\"elementor-element elementor-element-5080779 elementor-hidden-mobile elementor-widget elementor-widget-spacer\" data-id=\"5080779\" data-element_type=\"widget\" data-widget_type=\"spacer.default\">\n\t\t\t\t<div class=\"elementor-widget-container\">\n\t\t\t<style>\/*! elementor - v3.16.0 - 09-10-2023 *\/\n.elementor-column .elementor-spacer-inner{height:var(--spacer-size)}.e-con{--container-widget-width:100%}.e-con-inner>.elementor-widget-spacer,.e-con>.elementor-widget-spacer{width:var(--container-widget-width,var(--spacer-size));--align-self:var(--container-widget-align-self,initial);--flex-shrink:0}.e-con-inner>.elementor-widget-spacer>.elementor-widget-container,.e-con>.elementor-widget-spacer>.elementor-widget-container{height:100%;width:100%}.e-con-inner>.elementor-widget-spacer>.elementor-widget-container>.elementor-spacer,.e-con>.elementor-widget-spacer>.elementor-widget-container>.elementor-spacer{height:100%}.e-con-inner>.elementor-widget-spacer>.elementor-widget-container>.elementor-spacer>.elementor-spacer-inner,.e-con>.elementor-widget-spacer>.elementor-widget-container>.elementor-spacer>.elementor-spacer-inner{height:var(--container-widget-height,var(--spacer-size))}.e-con-inner>.elementor-widget-spacer.elementor-widget-empty,.e-con>.elementor-widget-spacer.elementor-widget-empty{position:relative;min-height:22px;min-width:22px}.e-con-inner>.elementor-widget-spacer.elementor-widget-empty .elementor-widget-empty-icon,.e-con>.elementor-widget-spacer.elementor-widget-empty .elementor-widget-empty-icon{position:absolute;top:0;bottom:0;left:0;right:0;margin:auto;padding:0;width:22px;height:22px}<\/style>\t\t<div class=\"elementor-spacer\">\n\t\t\t<div class=\"elementor-spacer-inner\"><\/div>\n\t\t<\/div>\n\t\t\t\t<\/div>\n\t\t\t\t<\/div>\n\t\t\t\t<div class=\"elementor-element elementor-element-5dfcd87 elementor-hidden-mobile elementor-widget elementor-widget-heading\" data-id=\"5dfcd87\" data-element_type=\"widget\" data-widget_type=\"heading.default\">\n\t\t\t\t<div class=\"elementor-widget-container\">\n\t\t\t<h2 class=\"elementor-heading-title elementor-size-default translation-block\">Thank you, your contribution will make a difference in the lives of those who are most in need, supporting the education, training, and employment of the most disadvantaged.\n<br><br>\nOur team is deeply grateful for your commitment to making a difference and promoting the common good. Without your support, we could not continue our mission.<br><br>\nThank you again for your support and generosity.\n<br><br>\nWith gratitude, The Team of the <b>Angelo Affinita Foundation<\/b><\/h2>\t\t<\/div>\n\t\t\t\t<\/div>\n\t\t\t\t<div class=\"elementor-element elementor-element-1b50f4f elementor-hidden-desktop elementor-hidden-tablet elementor-widget elementor-widget-heading\" data-id=\"1b50f4f\" data-element_type=\"widget\" data-widget_type=\"heading.default\">\n\t\t\t\t<div class=\"elementor-widget-container\">\n\t\t\t<h2 class=\"elementor-heading-title elementor-size-default translation-block\">Thank you, your contribution will make a difference in the lives of those who are most in need, supporting the education, training, and employment of the most disadvantaged.\n<br><br>\nOur team is deeply grateful for your commitment to making a difference and promoting the common good. Without your support, we could not continue our mission.<br><br>\nThank you again for your support and generosity.\n<br><br>\nWith gratitude, The Team of the <b>Angelo Affinita Foundation<\/b><\/h2>\t\t<\/div>\n\t\t\t\t<\/div>\n\t\t\t\t<div class=\"elementor-element elementor-element-46d7c90 elementor-align-center elementor-widget elementor-widget-button\" data-id=\"46d7c90\" data-element_type=\"widget\" data-widget_type=\"button.default\">\n\t\t\t\t<div class=\"elementor-widget-container\">\n\t\t\t\t\t<div class=\"elementor-button-wrapper\">\n\t\t\t<a class=\"elementor-button elementor-button-link elementor-size-sm\" href=\"https:\/\/fondazioneangeloaffinita.org\/en\/progetti\/\">\n\t\t\t\t\t\t<span class=\"elementor-button-content-wrapper\">\n\t\t\t\t\t\t<span class=\"elementor-button-icon elementor-align-icon-left\">\n\t\t\t\t<i aria-hidden=\"true\" class=\"fas fa-user-friends\"><\/i>\t\t\t<\/span>\n\t\t\t\t\t\t<span class=\"elementor-button-text\">OUR PROJECTS<\/span>\n\t\t<\/span>\n\t\t\t\t\t<\/a>\n\t\t<\/div>\n\t\t\t\t<\/div>\n\t\t\t\t<\/div>\n\t\t\t\t<\/div>\n\t\t\t\t\t\t\t<\/div>","protected":false},"excerpt":{"rendered":"<p>GRAZIE Grazie, Il tuo contributo far\u00e0 la differenza nella vita di coloro che sono pi\u00f9 bisognosi, sostenendo l&#8217;educazione, la formazione e l&#8217;inserimento lavorativo dei pi\u00f9 svantaggiati. Il nostro team \u00e8 profondamente grato per il tuo impegno nel fare la differenza e nel promuovere il bene comune. Senza il tuo sostegno, non potremmo continuare a portare &hellip;<\/p>\n<p class=\"read-more\"> <a class=\"\" href=\"https:\/\/fondazioneangeloaffinita.org\/en\/grazie-5x1000\/\"> <span class=\"screen-reader-text\">Grazie<\/span> Read More &raquo;<\/a><\/p>","protected":false},"author":1,"featured_media":0,"parent":0,"menu_order":0,"comment_status":"closed","ping_status":"closed","template":"elementor_canvas","meta":{"site-sidebar-layout":"no-sidebar","site-content-layout":"","ast-site-content-layout":"full-width-container","site-content-style":"default","site-sidebar-style":"default","ast-global-header-display":"","ast-banner-title-visibility":"","ast-main-header-display":"","ast-hfb-above-header-display":"","ast-hfb-below-header-display":"","ast-hfb-mobile-header-display":"","site-post-title":"disabled","ast-breadcrumbs-content":"","ast-featured-img":"disabled","footer-sml-layout":"","theme-transparent-header-meta":"","adv-header-id-meta":"","stick-header-meta":"","header-above-stick-meta":"","header-main-stick-meta":"","header-below-stick-meta":"","astra-migrate-meta-layouts":"","footnotes":""},"_links":{"self":[{"href":"https:\/\/fondazioneangeloaffinita.org\/en\/wp-json\/wp\/v2\/pages\/1424"}],"collection":[{"href":"https:\/\/fondazioneangeloaffinita.org\/en\/wp-json\/wp\/v2\/pages"}],"about":[{"href":"https:\/\/fondazioneangeloaffinita.org\/en\/wp-json\/wp\/v2\/types\/page"}],"author":[{"embeddable":true,"href":"https:\/\/fondazioneangeloaffinita.org\/en\/wp-json\/wp\/v2\/users\/1"}],"replies":[{"embeddable":true,"href":"https:\/\/fondazioneangeloaffinita.org\/en\/wp-json\/wp\/v2\/comments?post=1424"}],"version-history":[{"count":22,"href":"https:\/\/fondazioneangeloaffinita.org\/en\/wp-json\/wp\/v2\/pages\/1424\/revisions"}],"predecessor-version":[{"id":1499,"href":"https:\/\/fondazioneangeloaffinita.org\/en\/wp-json\/wp\/v2\/pages\/1424\/revisions\/1499"}],"wp:attachment":[{"href":"https:\/\/fondazioneangeloaffinita.org\/en\/wp-json\/wp\/v2\/media?parent=1424"}],"curies":[{"name":"wp","href":"https:\/\/api.w.org\/{rel}","templated":true}]}}