{"id":476,"date":"2023-10-16T08:45:15","date_gmt":"2023-10-16T06:45:15","guid":{"rendered":"https:\/\/fondazioneangeloaffinita.org\/?page_id=476"},"modified":"2023-10-25T10:38:08","modified_gmt":"2023-10-25T08:38:08","slug":"a-piccoli-passi","status":"publish","type":"page","link":"https:\/\/fondazioneangeloaffinita.org\/en\/progetti\/a-piccoli-passi\/","title":{"rendered":"One step at a time"},"content":{"rendered":"<div data-elementor-type=\"wp-page\" data-elementor-id=\"476\" class=\"elementor elementor-476\">\n\t\t\t\t\t\t\t<div data-particle_enable=\"false\" data-particle-mobile-disabled=\"false\" class=\"elementor-element elementor-element-2e9912a e-con-full e-flex e-con e-parent\" data-id=\"2e9912a\" data-element_type=\"container\" data-settings=\"{&quot;content_width&quot;:&quot;full&quot;}\" data-core-v316-plus=\"true\">\n\t\t\t\t<div class=\"elementor-element elementor-element-a509090 elementor-widget elementor-widget-image\" data-id=\"a509090\" data-element_type=\"widget\" data-widget_type=\"image.default\">\n\t\t\t\t<div class=\"elementor-widget-container\">\n\t\t\t<style>\/*! elementor - v3.16.0 - 09-10-2023 *\/\n.elementor-widget-image{text-align:center}.elementor-widget-image a{display:inline-block}.elementor-widget-image a img[src$=\".svg\"]{width:48px}.elementor-widget-image img{vertical-align:middle;display:inline-block}<\/style>\t\t\t\t\t\t\t\t\t\t\t\t<img loading=\"lazy\" decoding=\"async\" width=\"1920\" height=\"1282\" src=\"https:\/\/fondazioneangeloaffinita.org\/wp-content\/uploads\/2023\/10\/A-piccoli-passi-cover.jpg\" class=\"attachment-full size-full wp-image-280\" alt=\"\" srcset=\"https:\/\/fondazioneangeloaffinita.org\/wp-content\/uploads\/2023\/10\/A-piccoli-passi-cover.jpg 1920w, https:\/\/fondazioneangeloaffinita.org\/wp-content\/uploads\/2023\/10\/A-piccoli-passi-cover-300x200.jpg 300w, https:\/\/fondazioneangeloaffinita.org\/wp-content\/uploads\/2023\/10\/A-piccoli-passi-cover-1024x684.jpg 1024w, https:\/\/fondazioneangeloaffinita.org\/wp-content\/uploads\/2023\/10\/A-piccoli-passi-cover-768x513.jpg 768w, https:\/\/fondazioneangeloaffinita.org\/wp-content\/uploads\/2023\/10\/A-piccoli-passi-cover-1536x1026.jpg 1536w\" sizes=\"(max-width: 1920px) 100vw, 1920px\" \/>\t\t\t\t\t\t\t\t\t\t\t\t\t\t\t<\/div>\n\t\t\t\t<\/div>\n\t\t\t\t<\/div>\n\t\t<div data-particle_enable=\"false\" data-particle-mobile-disabled=\"false\" class=\"elementor-element elementor-element-2d4c13e e-con-full e-flex e-con e-parent\" data-id=\"2d4c13e\" data-element_type=\"container\" data-settings=\"{&quot;content_width&quot;:&quot;full&quot;}\" data-core-v316-plus=\"true\">\n\t\t\t\t<div class=\"elementor-element elementor-element-0596a8b elementor-widget elementor-widget-heading\" data-id=\"0596a8b\" data-element_type=\"widget\" data-widget_type=\"heading.default\">\n\t\t\t\t<div class=\"elementor-widget-container\">\n\t\t\t<style>\/*! elementor - v3.16.0 - 09-10-2023 *\/\n.elementor-heading-title{padding:0;margin:0;line-height:1}.elementor-widget-heading .elementor-heading-title[class*=elementor-size-]>a{color:inherit;font-size:inherit;line-height:inherit}.elementor-widget-heading .elementor-heading-title.elementor-size-small{font-size:15px}.elementor-widget-heading .elementor-heading-title.elementor-size-medium{font-size:19px}.elementor-widget-heading .elementor-heading-title.elementor-size-large{font-size:29px}.elementor-widget-heading .elementor-heading-title.elementor-size-xl{font-size:39px}.elementor-widget-heading .elementor-heading-title.elementor-size-xxl{font-size:59px}<\/style><h2 class=\"elementor-heading-title elementor-size-default\">One step at a time<\/h2>\t\t<\/div>\n\t\t\t\t<\/div>\n\t\t\t\t<div class=\"elementor-element elementor-element-51ddfd9 elementor-widget elementor-widget-text-editor\" data-id=\"51ddfd9\" data-element_type=\"widget\" data-widget_type=\"text-editor.default\">\n\t\t\t\t<div class=\"elementor-widget-container\">\n\t\t\t<style>\/*! elementor - v3.16.0 - 09-10-2023 *\/\n.elementor-widget-text-editor.elementor-drop-cap-view-stacked .elementor-drop-cap{background-color:#69727d;color:#fff}.elementor-widget-text-editor.elementor-drop-cap-view-framed .elementor-drop-cap{color:#69727d;border:3px solid;background-color:transparent}.elementor-widget-text-editor:not(.elementor-drop-cap-view-default) .elementor-drop-cap{margin-top:8px}.elementor-widget-text-editor:not(.elementor-drop-cap-view-default) .elementor-drop-cap-letter{width:1em;height:1em}.elementor-widget-text-editor .elementor-drop-cap{float:left;text-align:center;line-height:1;font-size:50px}.elementor-widget-text-editor .elementor-drop-cap-letter{display:inline-block}<\/style>\t\t\t\t<div class=\"grve-element grve-text\"><p>A personalized support program for minors at risk, affected by psychophysical conditions.<\/p><ul><li><strong>Where?<\/strong>\u00a0Napoli (Rione sanit\u00e0)<\/li><li><strong>Partner:<\/strong>\u00a0APS Fhenix<\/li><\/ul><\/div>\t\t\t\t\t\t<\/div>\n\t\t\t\t<\/div>\n\t\t\t\t<div class=\"elementor-element elementor-element-4d0c18f elementor-widget elementor-widget-heading\" data-id=\"4d0c18f\" data-element_type=\"widget\" data-widget_type=\"heading.default\">\n\t\t\t\t<div class=\"elementor-widget-container\">\n\t\t\t<h2 class=\"elementor-heading-title elementor-size-default\">What we have accomplished thanks to your contribution<\/h2>\t\t<\/div>\n\t\t\t\t<\/div>\n\t\t\t\t<div class=\"elementor-element elementor-element-e5ec9a4 elementor-widget elementor-widget-text-editor\" data-id=\"e5ec9a4\" data-element_type=\"widget\" data-widget_type=\"text-editor.default\">\n\t\t\t\t<div class=\"elementor-widget-container\">\n\t\t\t\t\t\t\t<div class=\"grve-element grve-text\"><ul><li>Recovery of cognitive skills<\/li><li>Development of observation, attention, and concentration abilities<\/li><li>Acquisition of problem-solving skills (work on creativity)<\/li><li>Recovery of communication skills and receptive and expressive language abilities<\/li><\/ul><\/div>\t\t\t\t\t\t<\/div>\n\t\t\t\t<\/div>\n\t\t\t\t<\/div>\n\t\t<div data-particle_enable=\"false\" data-particle-mobile-disabled=\"false\" class=\"elementor-element elementor-element-d3303ff e-con-full e-flex e-con e-parent\" data-id=\"d3303ff\" data-element_type=\"container\" data-settings=\"{&quot;content_width&quot;:&quot;full&quot;}\" data-core-v316-plus=\"true\">\n\t\t<div data-particle_enable=\"false\" data-particle-mobile-disabled=\"false\" class=\"elementor-element elementor-element-42921fe e-con-full e-flex e-con e-child\" data-id=\"42921fe\" data-element_type=\"container\" data-settings=\"{&quot;content_width&quot;:&quot;full&quot;,&quot;background_background&quot;:&quot;classic&quot;}\">\n\t\t\t\t<div class=\"elementor-element elementor-element-18ecef1 elementor-widget elementor-widget-heading\" data-id=\"18ecef1\" data-element_type=\"widget\" data-widget_type=\"heading.default\">\n\t\t\t\t<div class=\"elementor-widget-container\">\n\t\t\t<h2 class=\"elementor-heading-title elementor-size-default\">Contribute with a Donation<\/h2>\t\t<\/div>\n\t\t\t\t<\/div>\n\t\t\t\t<div class=\"elementor-element elementor-element-c2bce73 elementor-widget elementor-widget-heading\" data-id=\"c2bce73\" data-element_type=\"widget\" data-widget_type=\"heading.default\">\n\t\t\t\t<div class=\"elementor-widget-container\">\n\t\t\t<h2 class=\"elementor-heading-title elementor-size-default\">Thanks to your contribution, we will fund concrete projects to promote the education and employment of many disadvantaged children and young people. The future starts with us!<\/h2>\t\t<\/div>\n\t\t\t\t<\/div>\n\t\t\t\t<div class=\"elementor-element elementor-element-dec74a0 elementor-align-center elementor-widget elementor-widget-button\" data-id=\"dec74a0\" data-element_type=\"widget\" data-widget_type=\"button.default\">\n\t\t\t\t<div class=\"elementor-widget-container\">\n\t\t\t\t\t<div class=\"elementor-button-wrapper\">\n\t\t\t<a class=\"elementor-button elementor-button-link elementor-size-sm\" href=\"https:\/\/fondazioneangeloaffinita.org\/en\/donazioni\/\">\n\t\t\t\t\t\t<span class=\"elementor-button-content-wrapper\">\n\t\t\t\t\t\t<span class=\"elementor-button-text\">MAKE A DONATION<\/span>\n\t\t<\/span>\n\t\t\t\t\t<\/a>\n\t\t<\/div>\n\t\t\t\t<\/div>\n\t\t\t\t<\/div>\n\t\t\t\t<\/div>\n\t\t\t\t<\/div>\n\t\t\t\t\t\t\t<\/div>","protected":false},"excerpt":{"rendered":"<p>A piccoli passi Percorso di accompagnamento personalizzato per minori a rischio, affetti da patologie psicofisiche Dove:\u00a0Napoli (Rione sanit\u00e0) Partner:\u00a0APS Fhenix Quello che abbiamo fatto grazie al tuo contributo Recupero delle abilit\u00e0 cognitive Sviluppo delle capacit\u00e0 di osservazione, attenzione, concentrazione Acquisizione di abilit\u00e0 di problem solving (lavoro sulla creativit\u00e0) Recupero delle abilit\u00e0 di comunicazione e di &hellip;<\/p>\n<p class=\"read-more\"> <a class=\"\" href=\"https:\/\/fondazioneangeloaffinita.org\/en\/progetti\/a-piccoli-passi\/\"> <span class=\"screen-reader-text\">One step at a time<\/span> Read More &raquo;<\/a><\/p>","protected":false},"author":1,"featured_media":0,"parent":268,"menu_order":0,"comment_status":"closed","ping_status":"closed","template":"","meta":{"site-sidebar-layout":"no-sidebar","site-content-layout":"","ast-site-content-layout":"full-width-container","site-content-style":"default","site-sidebar-style":"default","ast-global-header-display":"","ast-banner-title-visibility":"","ast-main-header-display":"","ast-hfb-above-header-display":"","ast-hfb-below-header-display":"","ast-hfb-mobile-header-display":"","site-post-title":"disabled","ast-breadcrumbs-content":"","ast-featured-img":"disabled","footer-sml-layout":"","theme-transparent-header-meta":"","adv-header-id-meta":"","stick-header-meta":"","header-above-stick-meta":"","header-main-stick-meta":"","header-below-stick-meta":"","astra-migrate-meta-layouts":"","footnotes":""},"_links":{"self":[{"href":"https:\/\/fondazioneangeloaffinita.org\/en\/wp-json\/wp\/v2\/pages\/476"}],"collection":[{"href":"https:\/\/fondazioneangeloaffinita.org\/en\/wp-json\/wp\/v2\/pages"}],"about":[{"href":"https:\/\/fondazioneangeloaffinita.org\/en\/wp-json\/wp\/v2\/types\/page"}],"author":[{"embeddable":true,"href":"https:\/\/fondazioneangeloaffinita.org\/en\/wp-json\/wp\/v2\/users\/1"}],"replies":[{"embeddable":true,"href":"https:\/\/fondazioneangeloaffinita.org\/en\/wp-json\/wp\/v2\/comments?post=476"}],"version-history":[{"count":10,"href":"https:\/\/fondazioneangeloaffinita.org\/en\/wp-json\/wp\/v2\/pages\/476\/revisions"}],"predecessor-version":[{"id":797,"href":"https:\/\/fondazioneangeloaffinita.org\/en\/wp-json\/wp\/v2\/pages\/476\/revisions\/797"}],"up":[{"embeddable":true,"href":"https:\/\/fondazioneangeloaffinita.org\/en\/wp-json\/wp\/v2\/pages\/268"}],"wp:attachment":[{"href":"https:\/\/fondazioneangeloaffinita.org\/en\/wp-json\/wp\/v2\/media?parent=476"}],"curies":[{"name":"wp","href":"https:\/\/api.w.org\/{rel}","templated":true}]}}