{"id":487,"date":"2023-10-16T08:55:56","date_gmt":"2023-10-16T06:55:56","guid":{"rendered":"https:\/\/fondazioneangeloaffinita.org\/?page_id=487"},"modified":"2023-10-16T09:01:02","modified_gmt":"2023-10-16T07:01:02","slug":"punto-gioia","status":"publish","type":"page","link":"https:\/\/fondazioneangeloaffinita.org\/en\/progetti\/punto-gioia\/","title":{"rendered":"Joy Point"},"content":{"rendered":"<div data-elementor-type=\"wp-page\" data-elementor-id=\"487\" class=\"elementor elementor-487\">\n\t\t\t\t\t\t\t<div data-particle_enable=\"false\" data-particle-mobile-disabled=\"false\" class=\"elementor-element elementor-element-2e9912a e-con-full e-flex e-con e-parent\" data-id=\"2e9912a\" data-element_type=\"container\" data-settings=\"{&quot;content_width&quot;:&quot;full&quot;}\" data-core-v316-plus=\"true\">\n\t\t\t\t<div class=\"elementor-element elementor-element-a509090 e-transform elementor-widget elementor-widget-image\" data-id=\"a509090\" data-element_type=\"widget\" data-settings=\"{&quot;_transform_scale_effect&quot;:{&quot;unit&quot;:&quot;px&quot;,&quot;size&quot;:1.17,&quot;sizes&quot;:[]},&quot;_transform_scale_effect_mobile&quot;:{&quot;unit&quot;:&quot;px&quot;,&quot;size&quot;:1,&quot;sizes&quot;:[]},&quot;_transform_scale_effect_tablet&quot;:{&quot;unit&quot;:&quot;px&quot;,&quot;size&quot;:&quot;&quot;,&quot;sizes&quot;:[]}}\" data-widget_type=\"image.default\">\n\t\t\t\t<div class=\"elementor-widget-container\">\n\t\t\t<style>\/*! elementor - v3.16.0 - 09-10-2023 *\/\n.elementor-widget-image{text-align:center}.elementor-widget-image a{display:inline-block}.elementor-widget-image a img[src$=\".svg\"]{width:48px}.elementor-widget-image img{vertical-align:middle;display:inline-block}<\/style>\t\t\t\t\t\t\t\t\t\t\t\t<img loading=\"lazy\" decoding=\"async\" width=\"1024\" height=\"768\" src=\"https:\/\/fondazioneangeloaffinita.org\/wp-content\/uploads\/2023\/10\/puntogioia.jpg\" class=\"attachment-full size-full wp-image-281\" alt=\"\" srcset=\"https:\/\/fondazioneangeloaffinita.org\/wp-content\/uploads\/2023\/10\/puntogioia.jpg 1024w, https:\/\/fondazioneangeloaffinita.org\/wp-content\/uploads\/2023\/10\/puntogioia-300x225.jpg 300w, https:\/\/fondazioneangeloaffinita.org\/wp-content\/uploads\/2023\/10\/puntogioia-768x576.jpg 768w\" sizes=\"(max-width: 1024px) 100vw, 1024px\" \/>\t\t\t\t\t\t\t\t\t\t\t\t\t\t\t<\/div>\n\t\t\t\t<\/div>\n\t\t\t\t<\/div>\n\t\t<div data-particle_enable=\"false\" data-particle-mobile-disabled=\"false\" class=\"elementor-element elementor-element-2d4c13e e-con-full e-flex e-con e-parent\" data-id=\"2d4c13e\" data-element_type=\"container\" data-settings=\"{&quot;content_width&quot;:&quot;full&quot;}\" data-core-v316-plus=\"true\">\n\t\t\t\t<div class=\"elementor-element elementor-element-0596a8b elementor-widget elementor-widget-heading\" data-id=\"0596a8b\" data-element_type=\"widget\" data-widget_type=\"heading.default\">\n\t\t\t\t<div class=\"elementor-widget-container\">\n\t\t\t<style>\/*! elementor - v3.16.0 - 09-10-2023 *\/\n.elementor-heading-title{padding:0;margin:0;line-height:1}.elementor-widget-heading .elementor-heading-title[class*=elementor-size-]>a{color:inherit;font-size:inherit;line-height:inherit}.elementor-widget-heading .elementor-heading-title.elementor-size-small{font-size:15px}.elementor-widget-heading .elementor-heading-title.elementor-size-medium{font-size:19px}.elementor-widget-heading .elementor-heading-title.elementor-size-large{font-size:29px}.elementor-widget-heading .elementor-heading-title.elementor-size-xl{font-size:39px}.elementor-widget-heading .elementor-heading-title.elementor-size-xxl{font-size:59px}<\/style><h2 class=\"elementor-heading-title elementor-size-default\">Joy Point<\/h2>\t\t<\/div>\n\t\t\t\t<\/div>\n\t\t\t\t<div class=\"elementor-element elementor-element-b0d993e elementor-widget elementor-widget-heading\" data-id=\"b0d993e\" data-element_type=\"widget\" data-widget_type=\"heading.default\">\n\t\t\t\t<div class=\"elementor-widget-container\">\n\t\t\t<h2 class=\"elementor-heading-title elementor-size-default\">Frosinone (2023 \u2013 on going)<\/h2>\t\t<\/div>\n\t\t\t\t<\/div>\n\t\t\t\t<div class=\"elementor-element elementor-element-ff40e79 elementor-widget elementor-widget-heading\" data-id=\"ff40e79\" data-element_type=\"widget\" data-widget_type=\"heading.default\">\n\t\t\t\t<div class=\"elementor-widget-container\">\n\t\t\t<h2 class=\"elementor-heading-title elementor-size-default\"><b>Partner<\/b>: Andrea Bocelli Foundation, Impresa Sociale Con I Bambini<\/h2>\t\t<\/div>\n\t\t\t\t<\/div>\n\t\t\t\t<div class=\"elementor-element elementor-element-4d0c18f elementor-widget elementor-widget-heading\" data-id=\"4d0c18f\" data-element_type=\"widget\" data-widget_type=\"heading.default\">\n\t\t\t\t<div class=\"elementor-widget-container\">\n\t\t\t<h2 class=\"elementor-heading-title elementor-size-default\">The project<\/h2>\t\t<\/div>\n\t\t\t\t<\/div>\n\t\t\t\t<div class=\"elementor-element elementor-element-2dba7a8 elementor-widget elementor-widget-text-editor\" data-id=\"2dba7a8\" data-element_type=\"widget\" data-widget_type=\"text-editor.default\">\n\t\t\t\t<div class=\"elementor-widget-container\">\n\t\t\t<style>\/*! elementor - v3.16.0 - 09-10-2023 *\/\n.elementor-widget-text-editor.elementor-drop-cap-view-stacked .elementor-drop-cap{background-color:#69727d;color:#fff}.elementor-widget-text-editor.elementor-drop-cap-view-framed .elementor-drop-cap{color:#69727d;border:3px solid;background-color:transparent}.elementor-widget-text-editor:not(.elementor-drop-cap-view-default) .elementor-drop-cap{margin-top:8px}.elementor-widget-text-editor:not(.elementor-drop-cap-view-default) .elementor-drop-cap-letter{width:1em;height:1em}.elementor-widget-text-editor .elementor-drop-cap{float:left;text-align:center;line-height:1;font-size:50px}.elementor-widget-text-editor .elementor-drop-cap-letter{display:inline-block}<\/style>\t\t\t\t<div class=\"grve-element grve-text\"><p>The \"Joy Point\" is a semi-residential and residential service for mothers and children with educational, training, and social activities.<\/p><p>The activities include:<\/p><ul><li>Training courses, domestic assistance, and career guidance for mothers.<\/li><li>Recreational and educational workshops for children.<\/li><\/ul><p>The cornerstone of this project is <b>art.<\/b><strong>art<\/strong>.<\/p><p>Through music, painting, and sculpture, people are guided to discover themselves, their sensations, and emotions, achieving inner well-being that is also reflected in their relationships with others.<\/p><\/div>\t\t\t\t\t\t<\/div>\n\t\t\t\t<\/div>\n\t\t\t\t<div class=\"elementor-element elementor-element-3256db7 elementor-widget elementor-widget-heading\" data-id=\"3256db7\" data-element_type=\"widget\" data-widget_type=\"heading.default\">\n\t\t\t\t<div class=\"elementor-widget-container\">\n\t\t\t<h2 class=\"elementor-heading-title elementor-size-default\">Goals<\/h2>\t\t<\/div>\n\t\t\t\t<\/div>\n\t\t\t\t<div class=\"elementor-element elementor-element-3e49625 elementor-widget elementor-widget-text-editor\" data-id=\"3e49625\" data-element_type=\"widget\" data-widget_type=\"text-editor.default\">\n\t\t\t\t<div class=\"elementor-widget-container\">\n\t\t\t\t\t\t\t<div class=\"grve-element grve-text\"><ul><li>Promote the individual well-being of children and adolescents living in single-parent families.<\/li><li>Protect and support the development of mothers and children at risk of mistreatment, neglect, and socio-cultural deprivation.<\/li><li>Guide mothers and children in recovering their personal and relational resources to achieve family balance.<\/li><\/ul><\/div>\t\t\t\t\t\t<\/div>\n\t\t\t\t<\/div>\n\t\t\t\t<div class=\"elementor-element elementor-element-6388c85 elementor-widget elementor-widget-heading\" data-id=\"6388c85\" data-element_type=\"widget\" data-widget_type=\"heading.default\">\n\t\t\t\t<div class=\"elementor-widget-container\">\n\t\t\t<h2 class=\"elementor-heading-title elementor-size-default\">Impact<\/h2>\t\t<\/div>\n\t\t\t\t<\/div>\n\t\t\t\t<div class=\"elementor-element elementor-element-f15cd0c elementor-widget elementor-widget-text-editor\" data-id=\"f15cd0c\" data-element_type=\"widget\" data-widget_type=\"text-editor.default\">\n\t\t\t\t<div class=\"elementor-widget-container\">\n\t\t\t\t\t\t\t<div class=\"grve-element grve-text\"><div class=\"grve-element grve-tab grve-vertical-tab\"><div class=\"grve-tabs-wrapper\"><div id=\"tab-1431432562931-0-5\" class=\"grve-tab-content active\"><div class=\"grve-element grve-text\"><ul><li>100 direct beneficiaries involved<\/li><li>6 mother-child accommodation places<\/li><li>2240 hours of educational workshops for children and adolescents<\/li><li>1760 hours of counseling and training for mothers<\/li><\/ul><\/div><\/div><\/div><\/div><\/div>\t\t\t\t\t\t<\/div>\n\t\t\t\t<\/div>\n\t\t\t\t<\/div>\n\t\t\t\t\t\t\t<\/div>","protected":false},"excerpt":{"rendered":"<p>Punto Gioia Frosinone (2023 \u2013 in corso) Partner: Andrea Bocelli Foundation, Impresa Sociale Con I Bambini Il progetto Il \u201cpunto gioia\u201d \u00e8 un servizio semi-residenziale e residenziale per mamme e bambini con attivit\u00e0 di natura educativa, formativa e sociale. Le attivit\u00e0 consistono in: corsi di formazione, assistenza domestica e orientamento professionale per le mamme laboratori &hellip;<\/p>\n<p class=\"read-more\"> <a class=\"\" href=\"https:\/\/fondazioneangeloaffinita.org\/en\/progetti\/punto-gioia\/\"> <span class=\"screen-reader-text\">Joy Point<\/span> Read More &raquo;<\/a><\/p>","protected":false},"author":1,"featured_media":0,"parent":268,"menu_order":0,"comment_status":"closed","ping_status":"closed","template":"","meta":{"site-sidebar-layout":"no-sidebar","site-content-layout":"","ast-site-content-layout":"full-width-container","site-content-style":"default","site-sidebar-style":"default","ast-global-header-display":"","ast-banner-title-visibility":"","ast-main-header-display":"","ast-hfb-above-header-display":"","ast-hfb-below-header-display":"","ast-hfb-mobile-header-display":"","site-post-title":"disabled","ast-breadcrumbs-content":"","ast-featured-img":"disabled","footer-sml-layout":"","theme-transparent-header-meta":"","adv-header-id-meta":"","stick-header-meta":"","header-above-stick-meta":"","header-main-stick-meta":"","header-below-stick-meta":"","astra-migrate-meta-layouts":"","footnotes":""},"_links":{"self":[{"href":"https:\/\/fondazioneangeloaffinita.org\/en\/wp-json\/wp\/v2\/pages\/487"}],"collection":[{"href":"https:\/\/fondazioneangeloaffinita.org\/en\/wp-json\/wp\/v2\/pages"}],"about":[{"href":"https:\/\/fondazioneangeloaffinita.org\/en\/wp-json\/wp\/v2\/types\/page"}],"author":[{"embeddable":true,"href":"https:\/\/fondazioneangeloaffinita.org\/en\/wp-json\/wp\/v2\/users\/1"}],"replies":[{"embeddable":true,"href":"https:\/\/fondazioneangeloaffinita.org\/en\/wp-json\/wp\/v2\/comments?post=487"}],"version-history":[{"count":4,"href":"https:\/\/fondazioneangeloaffinita.org\/en\/wp-json\/wp\/v2\/pages\/487\/revisions"}],"predecessor-version":[{"id":491,"href":"https:\/\/fondazioneangeloaffinita.org\/en\/wp-json\/wp\/v2\/pages\/487\/revisions\/491"}],"up":[{"embeddable":true,"href":"https:\/\/fondazioneangeloaffinita.org\/en\/wp-json\/wp\/v2\/pages\/268"}],"wp:attachment":[{"href":"https:\/\/fondazioneangeloaffinita.org\/en\/wp-json\/wp\/v2\/media?parent=487"}],"curies":[{"name":"wp","href":"https:\/\/api.w.org\/{rel}","templated":true}]}}