{"id":647,"date":"2023-10-25T07:21:21","date_gmt":"2023-10-25T05:21:21","guid":{"rendered":"https:\/\/fondazioneangeloaffinita.org\/?page_id=647"},"modified":"2023-10-25T07:30:05","modified_gmt":"2023-10-25T05:30:05","slug":"privacy-e-cookie-policy","status":"publish","type":"page","link":"https:\/\/fondazioneangeloaffinita.org\/en\/privacy-e-cookie-policy\/","title":{"rendered":"Privacy and Cookie Policy"},"content":{"rendered":"<div data-elementor-type=\"wp-page\" data-elementor-id=\"647\" class=\"elementor elementor-647\">\n\t\t\t\t\t\t\t<div data-particle_enable=\"false\" data-particle-mobile-disabled=\"false\" class=\"elementor-element elementor-element-6283482 e-con-full e-flex e-con e-parent\" data-id=\"6283482\" data-element_type=\"container\" data-settings=\"{&quot;content_width&quot;:&quot;full&quot;}\" data-core-v316-plus=\"true\">\n\t\t\t\t<div class=\"elementor-element elementor-element-3578c3d elementor-widget elementor-widget-heading\" data-id=\"3578c3d\" data-element_type=\"widget\" data-widget_type=\"heading.default\">\n\t\t\t\t<div class=\"elementor-widget-container\">\n\t\t\t<style>\/*! elementor - v3.16.0 - 09-10-2023 *\/\n.elementor-heading-title{padding:0;margin:0;line-height:1}.elementor-widget-heading .elementor-heading-title[class*=elementor-size-]>a{color:inherit;font-size:inherit;line-height:inherit}.elementor-widget-heading .elementor-heading-title.elementor-size-small{font-size:15px}.elementor-widget-heading .elementor-heading-title.elementor-size-medium{font-size:19px}.elementor-widget-heading .elementor-heading-title.elementor-size-large{font-size:29px}.elementor-widget-heading .elementor-heading-title.elementor-size-xl{font-size:39px}.elementor-widget-heading .elementor-heading-title.elementor-size-xxl{font-size:59px}<\/style><h2 class=\"elementor-heading-title elementor-size-default\">Privacy Policy<\/h2>\t\t<\/div>\n\t\t\t\t<\/div>\n\t\t\t\t<div class=\"elementor-element elementor-element-4d60252 elementor-widget elementor-widget-text-editor\" data-id=\"4d60252\" data-element_type=\"widget\" data-widget_type=\"text-editor.default\">\n\t\t\t\t<div class=\"elementor-widget-container\">\n\t\t\t<style>\/*! elementor - v3.16.0 - 09-10-2023 *\/\n.elementor-widget-text-editor.elementor-drop-cap-view-stacked .elementor-drop-cap{background-color:#69727d;color:#fff}.elementor-widget-text-editor.elementor-drop-cap-view-framed .elementor-drop-cap{color:#69727d;border:3px solid;background-color:transparent}.elementor-widget-text-editor:not(.elementor-drop-cap-view-default) .elementor-drop-cap{margin-top:8px}.elementor-widget-text-editor:not(.elementor-drop-cap-view-default) .elementor-drop-cap-letter{width:1em;height:1em}.elementor-widget-text-editor .elementor-drop-cap{float:left;text-align:center;line-height:1;font-size:50px}.elementor-widget-text-editor .elementor-drop-cap-letter{display:inline-block}<\/style>\t\t\t\t<h1 class=\"entry-title main_title\"><b style=\"font-size: 16px; font-style: inherit;\">Informativa ai sensi degli artt. 13 del D.Lgs. n. 196\/ 2003 (Codice Privacy) e 13 Regolamento Ue n. 679\/2016 (General Data Protection Regulation \u2013 GDPR)<\/b><\/h1><div class=\"entry-content\"><div class=\"grve-element grve-text\"><p>Gentile utente,<\/p><p>i dati personali da lei forniti alla societ\u00e0 FONDAZIONE ANGELO AFFINITA ONLUS formano oggetto di trattamento nel rispetto della normativa in materia di protezione dei dati personali, ai sensi del citato D.lgs. 196\/2003 (Codice Privacy) e del Regolamento Ue 679\/2016 (GDPR). In particolare, la informiamo che:<\/p><p>i dati personali da lei inseriti sui form del sito fondazioneangeloaffinita.org attinenti alla richiesta di informazioni circa i prodotti sviluppati dalla societ\u00e0 FONDAZIONE ANGELO AFFINITA ONLUS, saranno trattati, anche\u00a0in forma elettronica,\u00a0solo da personale incaricato della societ\u00e0 FONDAZIONE ANGELO AFFINITA ONLUS;<\/p><ol><li style=\"list-style-type: none;\"><ol><li>FONDAZIONE ANGELO AFFINITA ONLUS potr\u00e0 trattare i suoi dati personali anche per l\u2019invio di materiale informativo o promozionale (mailing e newsletter) relativo alle seguenti attivit\u00e0 di marketing, ferma la possibilit\u00e0 di rifiutare tale uso, esercitando, gratuitamente e in ogni momento, il diritto di opposizione ai sensi degli artt. 130, comma 4, D.lgs. 196\/2003, e 21 del Regolamento UE\u00a0 679\/2016 con le modalit\u00e0 di seguito indicate;<\/li><li>Il conferimento dei dati contrassegnati con l\u2019asterisco (<b>*<\/b>) \u00e8 obbligatorio, in quanto indispensabili per gestire le informazioni richieste relativamente ai prodotti sviluppati dalla FONDAZIONE ANGELO AFFINITA ONLUS; il loro mancato conferimento comporta l\u2019impossibilit\u00e0 di interagire con la FONDAZIONE ANGELO AFFINITA ONLUS;<\/li><li>Su questo sito web non sono impiegate tecniche informatiche per l\u2019acquisizione diretta di dati personali identificativi dell\u2019utente o sistemi di profilazione. I software preposti al funzionamento di questo sito web utilizzano esclusivamente cookie di sessione e cookie analitici (in particolare, cookie di Google Analytics). I cookie di sessione (o di navigazione) sono cookie tecnici, necessari a garantire il funzionamento ottimale e la corretta fruizione del sito web. Essi sono strettamente funzionali alla trasmissione di dati identificativi di sessione, costituiti da numeri casuali generati dal server, che non consentono alcuna identificazione personale dei singoli utenti. I cookie di sessione non vengono memorizzati in modo persistente sul server dell\u2019utente e non vengono conservati dopo la chiusura del browser. I cookie di Google Analitycs (parificati dal Garante per la protezione dei dati personali ai cookie tecnici) sono utilizzati per elaborare analisi statistiche in forma aggregata sulle modalit\u00e0 di navigazione degli utenti e consentono raccogliere informazioni anonime sull\u2019utilizzo del sito web (ad es. pagine visitate, numero di accessi etc.). I Contitolari trattano i risultati di queste analisi in maniera anonima e per finalit\u00e0 esclusivamente statistiche. Il fornitore dei servizi di analisi tramite Google Analytics \u00e8 Google Inc. (\u201cGoogle\u201d). I dati generati da Google Analytics sono conservati da Google, come cos\u00ec come indicato nella propria\u00a0informativa sull\u2019utilizzo dei cookies. Come titolare autonomo del trattamento dei dati relativo al servizio di Google Analytics, Google Inc. mette a disposizione la propria\u00a0informativa privacy. Per disabilitare i cookie analitici e per impedire a Google Analytics di raccogliere dati sulla sua navigazione, \u00e8 possibile scaricare il componente aggiuntivo del browser per la disattivazione di Google Analytics dal sito https:\/\/tools.google.com\/dlpage\/gaoptout. La informiamo, in ogni caso, che la disabilitazione dei cookie di sessione o quelli analitici pu\u00f2 causare il malfunzionamento del sito web e limitarne la fruibilit\u00e0. Per maggiori informazioni leggi le seguenti note legalipresenti nella sezione cookie policy<\/li><\/ol><\/li><\/ol><ul><li><b>I suoi dati saranno trattati con logiche correlate alle finalit\u00e0 sopra indicate e, comunque, in modo da garantire la sicurezza e la riservatezza dei dati medesimi. Gli stessi dati, inoltre, saranno conservati per un periodo di tempo non superiore a quello necessario agli scopi per i quali essi sono stati raccolti o successivamente trattati, presso i server di\u00a0Siteground\u00a0allocati presso\u00a0Milano<\/b><\/li><\/ul><ol><li>L\u2019iscritto, nella sua qualit\u00e0 di interessato al trattamento, pu\u00f2 esercitare i diritti di cui all\u2019art. 7 del d.lgs. 196\/2003 e artt.15-22 del Regolamento Ue, in virt\u00f9 dei quali potr\u00e0 chiedere e ottenere informazioni circa i dati che lo riguardano, le finalit\u00e0 e le modalit\u00e0 del trattamento, l\u2019aggiornamento, la rettifica, l\u2019integrazione, la cancellazione, l\u2019anonimizzazione e il blocco, il periodo di conservazione dei dati e, infine, opporsi al trattamento degli stessi, inviando la relativa istanza a mezzo e-mail agli indirizzi info@fondazioneangeloaffinita.org<\/li><li>L\u2019interessato ha, inoltre, diritto di proporre reclamo\/segnalazione\/ricorso all\u2019Autorit\u00e0 Garante per la protezione dei dati personali ai sensi degli artt. 141 e ss. del Codice Privacy e 77 del Regolamento UE 679\/2016. L\u2019Interessato pu\u00f2 avvalersi, per l\u2019esercizio dei suoi diritti, di persone fisiche, enti, associazioni o organismi, conferendo, a tal fine, delega scritta. L\u2019Interessato pu\u00f2, altres\u00ec, farsi assistere da una persona di fiducia. Per conoscere i propri diritti, proporre un reclamo\/segnalazione\/ricorso ed essere sempre aggiornato sulla normativa in materia di tutela delle persone rispetto al trattamento dei dati personali, l\u2019Interessato pu\u00f2 rivolgersi al Garante per la protezione dei dati personali, consultando il sito web all\u2019indirizzo\u00a0<a href=\"http:\/\/www.garanteprivacy.it\/\">http:\/\/www.garanteprivacy.it\/.<\/a><\/li><li>Titolare del trattamento \u00e8 FONDAZIONE ANGELO AFFINITA ONLUS con sede legale in Via Appia 1, Arpaia (BN) email: info@fondazioneangeloaffinita.org<\/li><\/ol><\/div><\/div>\t\t\t\t\t\t<\/div>\n\t\t\t\t<\/div>\n\t\t\t\t<div class=\"elementor-element elementor-element-6c714cf elementor-widget elementor-widget-heading\" data-id=\"6c714cf\" data-element_type=\"widget\" data-widget_type=\"heading.default\">\n\t\t\t\t<div class=\"elementor-widget-container\">\n\t\t\t<h2 class=\"elementor-heading-title elementor-size-default\">Cookie Policy<\/h2>\t\t<\/div>\n\t\t\t\t<\/div>\n\t\t\t\t<div class=\"elementor-element elementor-element-6733bc2 elementor-widget elementor-widget-text-editor\" data-id=\"6733bc2\" data-element_type=\"widget\" data-widget_type=\"text-editor.default\">\n\t\t\t\t<div class=\"elementor-widget-container\">\n\t\t\t\t\t\t\t<p>Gentile utente,<\/p><p>i dati personali da lei forniti alla FONDAZIONE ANGELO AFFINITA ONLUS formano oggetto di trattamento nel rispetto della normativa in materia di protezione dei dati personali, ai sensi del citato D.lgs. 196\/2003 (Codice Privacy) e del Regolamento Ue 679\/2016 (GDPR).<\/p><p>In particolare, la informiamo che:\u00a0consultare informativa privacy nella sezione precedente<\/p><p>Quando un utente accede al sito Web, servizi, app, i nostri fornitori di servizi autorizzati possono usare cookie per memorizzare le informazioni, al fine di offrirti un\u2019esperienza migliore, pi\u00f9 veloce e pi\u00f9 sicura. Attraverso questa informativa intendiamo fornirti alcune indicazioni sulle tecnologie adottate e su come vengono usate nei nostri siti e nei nostri servizi, app e strumenti. Di seguito vengono riepilogati alcuni aspetti importanti da conoscere riguardo all\u2019utilizzo di tali tecnologie.<\/p><p><b>Cookie<\/b>: durante la vostra navigazione sul sito fondazioneangeloaffinita.org, ai fini della funzionalit\u00e0 del sito, vengono installati sui vostri dispositivi dei piccoli file di dati che si chiamano \u201ccookie\u201d. Anche la maggior parte dei grandi siti fanno lo stesso. I cookie sono dei piccoli file che ci permettono di conoscere i vostri criteri di ricerca e di elaborare delle statistiche anonime di navigazione. Sono gestiti dal browser.<\/p><p>Contengono in particolare:<\/p><p>\u2013 Il dominio riguardante il cookie;<\/p><p>\u2013 Le date di creazione e di scadenza.<\/p><p>Solo il dominio che ha creato il cookie pu\u00f2 accedervi.<\/p><p>Diversi tipi di cookie utilizzati da\u00a0Wordpress<\/p><p>a)\u00a0<b>cookie necessari alla navigazione: si tratta dei cookie che servono esclusivamente a memorizzare i criteri di ricerca<\/b>:<\/p><ol><li>cisel_paramIT : Contiene l\u2019ultima lingua selezionata, al fine di utilizzarla in modo predefinito durante la visita successiva, e l\u2019ultima pagina richiesta. Questo cookie viene conservato per 1 mese, al fine di evitare di dovervi chiedere ogni volta la lingua desiderata (valido per i paesi che utilizzano pi\u00f9 lingue, come la Svizzera o il Belgio).<\/li><li>ASP.NET_SessionId: Numero della Sessione dell\u2019utente. Tutte le informazioni relative alle selezioni e ai criteri di ricerca sono contenute nella Sessione, e quindi sul server. Questo numero \u00e8 semplicemente la chiave che identifica l\u2019utente durante la sua visita. Dura il tempo della vostra visita sul sito.<\/li><li>Cookie_accept: Cookie di cui si testa la presenza per sapere se il browser accetta i cookie. Contiene solo \u201cOK\u201d. Resta fino alla fine della visita.<\/li><li>Info_cookie_vp: Permette di sapere se avete cliccato sul banner che vi informa che esistono dei cookie. Il suo valore \u00e8 \u201cTrue\u201d e resta fino alla fine della visita.<\/li><li>Country Contiene \u201cIT\u201d su tutti i siti. Resta fino alla fine della visita.<\/li><\/ol><p>b)\u00a0<b>cookie di misurazione dell\u2019audience Google Analytics: servono a sapere quali pagine vengono consultate, quanto tempo vi restate sopra, quale concatenazione di pagine effettuate. Analizzando questi dati, possiamo migliorare il nostro sito, per consentirvi di trovare pi\u00f9 facilmente le informazioni<\/b>:<\/p><ol><li>__utma: Contiene il numero di visite per ogni internauta, la data e l\u2019ora della prima visita, della visita precedente e della visita attuale. Questo ci permette di sapere se venite per la prima volta o se venite spesso.<\/li><li>__utmb e __utmc: Sono utilizzati per calcolare con quale velocit\u00e0 passate da una pagina a un\u2019altra: _utmb registra l\u2019ora di accesso su una pagina, _utmc verifica se \u00e8 necessario creare una nuova sessione o se si tratta della continuazione della precedente. _utmb resta per 30 minuti dopo l\u2019ultima pagina visitata, _utmc scade quando lasciate il sito.<\/li><li>__utmz: Permette di sapere come siete arrivati sul sito: direttamente, a partire da una campagna pubblicitaria, oppure inserendo delle parole su un motore di ricerca (bing.com, google.it, ad esempio). Resta per 6 mesi e viene aggiornato ad ogni nuovo arrivo.<\/li><li>_dc_gtm_UA-XXXXXXX: con XXXXXX l\u2019identificativo Google del sito. Resta per 10 minuti dopo l\u2019ultima pagina consultata.<\/li><li>_ga: Permette di distinguere i diversi utenti. Resta per un mese.<\/li><li>WRUID: Permette di analizzare in modo anonimo il vostro percorso. Resta per 1 anno.<\/li><li>WRIgnore: \u00c8 utilizzato se il dominio non \u00e8 selezionato. Dura 10 minuti.<\/li><li>_CT_Data: Conta il numero di pagine viste, nonch\u00e9 le visite. Dura un anno.<\/li><li>_g_c e _g_u: Permettono di misurare il traffico in tempo reale.<\/li><\/ol><p><b>L\u2019impostazione dei parametri del vostro browser Internet.<\/b><\/p><p>Potete scegliere in qualsiasi momento di disattivare questi cookie. Il vostro browser pu\u00f2 essere impostato anche per segnalarvi i cookie che vengono depositati nel vostro computer e chiedervi di accettarli o meno. Potete accettare o rifiutare i cookie caso per caso, oppure rifiutarli sistematicamente una volta per tutte.<\/p><p>La configurazione di ogni browser \u00e8 diversa ed \u00e8 descritta nel men\u00f9 di aiuto del vostro browser, che vi permetter\u00e0 di sapere in che modo modificare le vostre preferenze in materia di cookie.<\/p><p>Vi ricordiamo che l\u2019impostazione dei parametri pu\u00f2 modificare le vostre condizioni di accesso ai nostri servizi che richiedono l\u2019utilizzo di cookie.<\/p><p><b>Bloccare i cookie sul vostro browser.<\/b><\/p><p>Se il vostro browser \u00e8 configurato in modo da rifiutare tutti i cookie, non potrete effettuare selezioni, n\u00e9 inserire dei veicoli nel comparatore. Al fine di gestire i cookie nel modo pi\u00f9 vicino possibile alle vostre aspettative, vi invitiamo ad impostare il vostro browser tenendo conto della finalit\u00e0 dei cookie cos\u00ec come indicata in precedenza.<\/p><p>Consultate l\u2019aiuto online del vostro browser per bloccare tutti i cookie.<\/p><p>Potete infine cancellare i cookie gi\u00e0 presenti nel computer e impostare quasi tutti i browser in modo da bloccarne l\u2019installazione. Se scegliete questa opzione, dovrete per\u00f2 modificare manualmente alcune preferenze ogni volta che visitate il sito ed \u00e8 possibile che alcuni servizi o determinate funzioni non siano disponibili.<\/p>\t\t\t\t\t\t<\/div>\n\t\t\t\t<\/div>\n\t\t\t\t<\/div>\n\t\t\t\t\t\t\t<\/div>","protected":false},"excerpt":{"rendered":"<p>Privacy Policy Informativa ai sensi degli artt. 13 del D.Lgs. n. 196\/ 2003 (Codice Privacy) e 13 Regolamento Ue n. 679\/2016 (General Data Protection Regulation \u2013 GDPR) Gentile utente, i dati personali da lei forniti alla societ\u00e0 FONDAZIONE ANGELO AFFINITA ONLUS formano oggetto di trattamento nel rispetto della normativa in materia di protezione dei dati &hellip;<\/p>\n<p class=\"read-more\"> <a class=\"\" href=\"https:\/\/fondazioneangeloaffinita.org\/en\/privacy-e-cookie-policy\/\"> <span class=\"screen-reader-text\">Privacy and Cookie Policy<\/span> Read More &raquo;<\/a><\/p>","protected":false},"author":1,"featured_media":0,"parent":0,"menu_order":0,"comment_status":"closed","ping_status":"closed","template":"","meta":{"site-sidebar-layout":"no-sidebar","site-content-layout":"","ast-site-content-layout":"full-width-container","site-content-style":"default","site-sidebar-style":"default","ast-global-header-display":"","ast-banner-title-visibility":"","ast-main-header-display":"","ast-hfb-above-header-display":"","ast-hfb-below-header-display":"","ast-hfb-mobile-header-display":"","site-post-title":"disabled","ast-breadcrumbs-content":"","ast-featured-img":"disabled","footer-sml-layout":"","theme-transparent-header-meta":"","adv-header-id-meta":"","stick-header-meta":"","header-above-stick-meta":"","header-main-stick-meta":"","header-below-stick-meta":"","astra-migrate-meta-layouts":"","footnotes":""},"_links":{"self":[{"href":"https:\/\/fondazioneangeloaffinita.org\/en\/wp-json\/wp\/v2\/pages\/647"}],"collection":[{"href":"https:\/\/fondazioneangeloaffinita.org\/en\/wp-json\/wp\/v2\/pages"}],"about":[{"href":"https:\/\/fondazioneangeloaffinita.org\/en\/wp-json\/wp\/v2\/types\/page"}],"author":[{"embeddable":true,"href":"https:\/\/fondazioneangeloaffinita.org\/en\/wp-json\/wp\/v2\/users\/1"}],"replies":[{"embeddable":true,"href":"https:\/\/fondazioneangeloaffinita.org\/en\/wp-json\/wp\/v2\/comments?post=647"}],"version-history":[{"count":7,"href":"https:\/\/fondazioneangeloaffinita.org\/en\/wp-json\/wp\/v2\/pages\/647\/revisions"}],"predecessor-version":[{"id":654,"href":"https:\/\/fondazioneangeloaffinita.org\/en\/wp-json\/wp\/v2\/pages\/647\/revisions\/654"}],"wp:attachment":[{"href":"https:\/\/fondazioneangeloaffinita.org\/en\/wp-json\/wp\/v2\/media?parent=647"}],"curies":[{"name":"wp","href":"https:\/\/api.w.org\/{rel}","templated":true}]}}